{"id":91,"date":"2024-03-10T13:47:51","date_gmt":"2024-03-10T13:47:51","guid":{"rendered":"https:\/\/adde4.com\/?page_id=91"},"modified":"2024-03-10T21:12:01","modified_gmt":"2024-03-10T21:12:01","slug":"nosotros","status":"publish","type":"page","link":"https:\/\/adde4.com\/en\/nosotros\/","title":{"rendered":"Nosotros"},"content":{"rendered":"<h1 class=\"wp-block-heading\">Gesti\u00f3n<\/h1>\n\n<h1 class=\"wp-block-heading\">y servicios<\/h1>\n\n<figure class=\"wp-block-image size-large\"><img decoding=\"async\" src=\"https:\/\/contentai.bricksplus.io\/wp-content\/uploads\/2024\/01\/Image3.png\" alt><\/figure>\n\nAbout Me\n\n<h3 class=\"wp-block-heading\">En ADDE4 estamos comprometidos con la satisfacci\u00f3n de nuestros clientes.<\/h3>\n\nPor ello, nos esforzamos por ofrecer un servicio personalizado y cercano, basado en la confianza y la transparencia.\n\nSi est\u00e1s buscando un aliado para el \u00e9xito de tu empresa, no dudes en contactarnos. En ADDE4 te ofrecemos un servicio integral que te ayudar\u00e1 a alcanzar tus objetivos.\n\n<figure class=\"wp-block-image size-large\"><img loading=\"lazy\" decoding=\"async\" width=\"1024\" height=\"683\" src=\"https:\/\/adde4.com\/wp-content\/uploads\/2024\/03\/brooke-lark-nmffl1zjbw4-1024x683.jpg\" alt class=\"wp-image-68\" srcset=\"https:\/\/adde4.com\/wp-content\/uploads\/2024\/03\/brooke-lark-nmffl1zjbw4-1024x683.jpg 1024w, https:\/\/adde4.com\/wp-content\/uploads\/2024\/03\/brooke-lark-nmffl1zjbw4-300x200.jpg 300w, https:\/\/adde4.com\/wp-content\/uploads\/2024\/03\/brooke-lark-nmffl1zjbw4-768x512.jpg 768w, https:\/\/adde4.com\/wp-content\/uploads\/2024\/03\/brooke-lark-nmffl1zjbw4-1536x1024.jpg 1536w, https:\/\/adde4.com\/wp-content\/uploads\/2024\/03\/brooke-lark-nmffl1zjbw4-2048x1365.jpg 2048w\" sizes=\"auto, (max-width: 1024px) 100vw, 1024px\" \/><\/figure>\n\n<strong>ADDE4<\/strong> es una empresa especializada en ofrecer soluciones integrales para la gesti\u00f3n empresarial. Nuestro objetivo es ayudar a las empresas a alcanzar sus objetivos de forma eficiente y segura, a trav\u00e9s de un servicio personalizado y de alta calidad.\n\nContamos con un equipo de profesionales altamente cualificados y con amplia experiencia en las \u00e1reas de asesor\u00eda fiscal, laboral y contable. Nos mantenemos actualizados en la normativa vigente para ofrecer un servicio de vanguardia y adaptado a las necesidades de cada cliente.\n\nMy Services\n\n<h3 class=\"wp-block-heading\">Nuestra filosof\u00eda se basa en los siguientes principios:<\/h3>\n\n<h6 class=\"wp-block-heading\">Excelencia:<\/h6>\n\nBuscamos la excelencia en todo lo que hacemos.\n\n<figure class=\"wp-block-image size-large\"><img loading=\"lazy\" decoding=\"async\" width=\"1024\" height=\"683\" src=\"https:\/\/adde4.com\/wp-content\/uploads\/2024\/03\/scott-graham-5fnmwej4taa-1024x683.jpg\" alt class=\"wp-image-94\" srcset=\"https:\/\/adde4.com\/wp-content\/uploads\/2024\/03\/scott-graham-5fnmwej4taa-1024x683.jpg 1024w, https:\/\/adde4.com\/wp-content\/uploads\/2024\/03\/scott-graham-5fnmwej4taa-300x200.jpg 300w, https:\/\/adde4.com\/wp-content\/uploads\/2024\/03\/scott-graham-5fnmwej4taa-768x513.jpg 768w, https:\/\/adde4.com\/wp-content\/uploads\/2024\/03\/scott-graham-5fnmwej4taa-1536x1025.jpg 1536w, https:\/\/adde4.com\/wp-content\/uploads\/2024\/03\/scott-graham-5fnmwej4taa-2048x1367.jpg 2048w\" sizes=\"auto, (max-width: 1024px) 100vw, 1024px\" \/><\/figure>\n\n<h6 class=\"wp-block-heading\">Profesionalidad:<\/h6>\n\nOfrecemos un servicio profesional y de alta calidad.\n\n<h6 class=\"wp-block-heading\">Eficiencia:<\/h6>\n\nAyudamos a las empresas a optimizar sus recursos y a mejorar su eficiencia.\n\nImpuestos \nPresentados\n\nConsultas<br>Resueltas\n\nBeneficios<br>Fiscales\n\nResuluciones\n\n<h6 class=\"wp-block-heading\">Compromiso:<\/h6>\n\nEstamos comprometidos con el \u00e9xito de nuestros clientes.\n\n<h6 class=\"wp-block-heading\">Confianza:<\/h6>\n\nNos basamos en la confianza y la transparencia en las relaciones con nuestros clientes.","protected":false},"excerpt":{"rendered":"<p>Gesti\u00f3n y servicios About Me En ADDE4 estamos comprometidos con la satisfacci\u00f3n de nuestros clientes. Por ello, nos esforzamos por ofrecer un servicio personalizado y cercano, basado en la confianza y la transparencia. Si est\u00e1s buscando un aliado para el \u00e9xito de tu empresa, no dudes en contactarnos. En ADDE4 te ofrecemos un servicio integral [&hellip;]<\/p>","protected":false},"author":1,"featured_media":0,"parent":0,"menu_order":0,"comment_status":"closed","ping_status":"closed","template":"","meta":{"_joinchat":[],"footnotes":""},"class_list":["post-91","page","type-page","status-publish","hentry"],"_links":{"self":[{"href":"https:\/\/adde4.com\/en\/wp-json\/wp\/v2\/pages\/91","targetHints":{"allow":["GET"]}}],"collection":[{"href":"https:\/\/adde4.com\/en\/wp-json\/wp\/v2\/pages"}],"about":[{"href":"https:\/\/adde4.com\/en\/wp-json\/wp\/v2\/types\/page"}],"author":[{"embeddable":true,"href":"https:\/\/adde4.com\/en\/wp-json\/wp\/v2\/users\/1"}],"replies":[{"embeddable":true,"href":"https:\/\/adde4.com\/en\/wp-json\/wp\/v2\/comments?post=91"}],"version-history":[{"count":11,"href":"https:\/\/adde4.com\/en\/wp-json\/wp\/v2\/pages\/91\/revisions"}],"predecessor-version":[{"id":215,"href":"https:\/\/adde4.com\/en\/wp-json\/wp\/v2\/pages\/91\/revisions\/215"}],"wp:attachment":[{"href":"https:\/\/adde4.com\/en\/wp-json\/wp\/v2\/media?parent=91"}],"curies":[{"name":"wp","href":"https:\/\/api.w.org\/{rel}","templated":true}]}}